{"id":101,"date":"2026-04-09T08:35:48","date_gmt":"2026-04-09T08:35:48","guid":{"rendered":"https:\/\/demo25.mauweb68.com\/tuyen-dung\/"},"modified":"2026-04-09T08:35:48","modified_gmt":"2026-04-09T08:35:48","slug":"tuyen-dung","status":"publish","type":"page","link":"https:\/\/demo25.mauweb68.com\/?page_id=101","title":{"rendered":"Tuy\u1ec3n d\u1ee5ng"},"content":{"rendered":"<h2>BCONS HOME &#8211; TUY\u1ec2N D\u1ee4NG NH\u00c2N VI\u00caN KINH DOANH<\/h2>\n<p>Nh\u1eb1m th\u00fac \u0111\u1ea9y t\u00ecnh h\u00ecnh kinh doanh v\u1edbi h\u00e0ng ch\u1ee5c ng\u00e0n s\u1ea3n ph\u1ea9m c\u0103n h\u1ed9, nh\u00e0 ph\u1ed1 m\u1ed7i n\u0103m, Bcons Home &#8211; PKD d\u1ef1 \u00e1n tuy\u1ec3n d\u1ee5ng nh\u00e2n vi\u00ean kinh doanh b\u00e1n s\u1ea3n ph\u1ea9m Bcons t\u1ea1i th\u1ecb tr\u01b0\u1eddng TP.HCM v\u00e0 B\u00ecnh D\u01b0\u01a1ng.<\/p>\n<p><img decoding=\"async\" src=\"https:\/\/bcons.vn\/wp-content\/uploads\/2024\/05\/tuyen-dung-bcons-homes.jpg\" alt=\"Tuy\u1ec3n d\u1ee5ng Bcons Homes\"><\/p>\n<h3>BCONS &#8211; S\u1ea2N PH\u1ea8M \u0110\u1ea6Y \u0110\u1ee6 PH\u00c1P L\u00dd<\/h3>\n<p>T\u1eadp \u0111o\u00e0n Bcons n\u1ed5i ti\u1ebfng t\u1ea1i th\u1ecb tr\u01b0\u1eddng B\u00ecnh D\u01b0\u01a1ng v\u1ec1 s\u1ef1 uy t\u00edn. T\u1ea1i th\u1ecb tr\u01b0\u1eddng n\u00e0y, Bcons c\u00f3 h\u01a1n 10 d\u1ef1 \u00e1n b\u1ea5t \u0111\u1ed9ng s\u1ea3n \u0111\u00e3 v\u00e0 \u0111ang \u0111\u01b0\u1ee3c tri\u1ec3n khai li\u00ean t\u1ee5c \u1edf m\u1ecdi ph\u00e2n kh\u00fac, \u0111\u00e1p \u1ee9ng \u0111\u1ea7y \u0111\u1ee7 ngu\u1ed3n s\u1ea3n ph\u1ea9m \u0111a d\u1ea1ng v\u00e0 ph\u00e1p l\u00fd \u0111\u1ea7y \u0111\u1ee7.<\/p>\n<p>C\u00e1c s\u1ea3n ph\u1ea9m \u0111ang kinh doanh b\u00e1n s\u00f4i \u0111\u1ed9ng tr\u00ean th\u1ecb tr\u01b0\u1eddng nh\u01b0: Bcons City, Bcons Polaris, Bcons Polygon, Bcons Bee&#8230;<\/p>\n<blockquote>\n<p>Xem chi ti\u1ebft d\u1ef1 \u00e1n t\u1ea1i: <a href=\"https:\/\/demo25.mauweb68.com\/du-an\/\">Trang d\u1ef1 \u00e1n Bcons<\/a><\/p>\n<\/blockquote>\n<h3>M\u00d4 T\u1ea2 C\u00d4NG VI\u1ec6C<\/h3>\n<ul>\n<li>T\u00ecm ki\u1ebfm v\u00e0 khai th\u00e1c kh\u00e1ch h\u00e0ng c\u00f3 nhu c\u1ea7u mua ho\u1eb7c \u0111\u1ea7u t\u01b0 b\u1ea5t \u0111\u1ed9ng s\u1ea3n.<\/li>\n<li>Gi\u1edbi thi\u1ec7u, t\u01b0 v\u1ea5n ch\u00ednh s\u00e1ch, \u01b0u \u0111\u00e3i cho kh\u00e1ch h\u00e0ng c\u00e1c th\u00f4ng tin li\u00ean quan \u0111\u1ebfn s\u1ea3n ph\u1ea9m c\u00f4ng ty tri\u1ec3n khai.<\/li>\n<li>Ch\u0103m s\u00f3c kh\u00e1ch h\u00e0ng v\u00e0 h\u1ed7 tr\u1ee3 th\u1ee7 t\u1ee5c li\u00ean quan tr\u01b0\u1edbc v\u00e0 sau giao d\u1ecbch.<\/li>\n<\/ul>\n<h3>Y\u00caU C\u1ea6U \u1ee8NG VI\u00caN<\/h3>\n<ul>\n<li>\u1ee8ng vi\u00ean c\u00f3 kinh nghi\u1ec7m ho\u1eb7c ch\u01b0a c\u00f3 kinh nghi\u1ec7m \u0111\u1ec1u \u0111\u01b0\u1ee3c \u0111\u00e0o t\u1ea1o theo quy chu\u1ea9n c\u00f4ng ty.<\/li>\n<li>Nam n\u1eef t\u1eeb 20 tu\u1ed5i tr\u1edf l\u00ean, c\u00f3 ph\u01b0\u01a1ng ti\u1ec7n di chuy\u1ec3n c\u00e1 nh\u00e2n.<\/li>\n<li>C\u00f3 kinh nghi\u1ec7m b\u00e1n h\u00e0ng \u1edf c\u00e1c l\u0129nh v\u1ef1c b\u1ea3o hi\u1ec3m, y t\u1ebf, xe h\u01a1i l\u00e0 m\u1ed9t l\u1ee3i th\u1ebf.<\/li>\n<li>Th\u00e1i \u0111\u1ed9 t\u00edch c\u1ef1c, c\u00f3 \u0111am m\u00ea v\u1edbi ngh\u1ec1.<\/li>\n<\/ul>\n<h3>QUY\u1ec0N L\u1ee2I \u0110\u01af\u1ee2C H\u01af\u1edeNG<\/h3>\n<ul>\n<li>\u0110\u01b0\u1ee3c h\u1ed7 tr\u1ee3 data v\u00e0 kh\u00e1ch t\u1eeb c\u00f4ng ty.<\/li>\n<li>L\u01b0\u01a1ng c\u1ee9ng t\u1eeb 6 &#8211; 10 tri\u1ec7u, hoa h\u1ed3ng l\u0169y ti\u1ebfn t\u1eeb 2 &#8211; 3,5%.<\/li>\n<li>Th\u01b0\u1edfng KPI, th\u01b0\u1edfng n\u00f3ng, h\u1ed7 tr\u1ee3 marketing.<\/li>\n<li>H\u1ed7 tr\u1ee3 \u0111\u1ed3ng ph\u1ee5c, k\u00fd H\u0110 v\u00e0 c\u00e1c ch\u00ednh s\u00e1ch x\u00e3 h\u1ed9i theo lu\u1eadt lao \u0111\u1ed9ng, du l\u1ecbch h\u00e0ng n\u0103m.<\/li>\n<\/ul>\n<h3>TH\u00d4NG TIN LI\u00caN H\u1ec6 BCONS TUY\u1ec2N D\u1ee4NG<\/h3>\n<p>H\u1ed3 s\u01a1 tuy\u1ec3n d\u1ee5ng Bcons Home xin vui l\u00f2ng li\u00ean h\u1ec7 ho\u1eb7c g\u1eedi v\u1ec1 qua c\u00e1c \u0111\u01b0\u1eddng th\u00f4ng tin sau:<\/p>\n<ul>\n<li>\u0110\u1ecba ch\u1ec9: 176\/1 &#8211; 176\/3 Nguy\u1ec5n V\u0103n Th\u01b0\u01a1ng, P.25, Q.B\u00ecnh Th\u1ea1nh, TP.HCM<\/li>\n<li>Email: lienhe.bcons@gmail.com<\/li>\n<\/ul>\n","protected":false},"excerpt":{"rendered":"<p>BCONS HOME &#8211; TUY\u1ec2N D\u1ee4NG NH\u00c2N VI\u00caN KINH DOANH Nh\u1eb1m th\u00fac \u0111\u1ea9y t\u00ecnh h\u00ecnh kinh doanh v\u1edbi h\u00e0ng ch\u1ee5c ng\u00e0n s\u1ea3n ph\u1ea9m c\u0103n h\u1ed9, nh\u00e0 ph\u1ed1 m\u1ed7i n\u0103m, Bcons Home &#8211; PKD d\u1ef1 \u00e1n tuy\u1ec3n d\u1ee5ng nh\u00e2n vi\u00ean kinh doanh b\u00e1n s\u1ea3n ph\u1ea9m Bcons t\u1ea1i th\u1ecb tr\u01b0\u1eddng TP.HCM v\u00e0 B\u00ecnh D\u01b0\u01a1ng. BCONS &#8211; S\u1ea2N PH\u1ea8M [&hellip;]<\/p>\n","protected":false},"author":1,"featured_media":151,"parent":0,"menu_order":0,"comment_status":"closed","ping_status":"closed","template":"","meta":{"_acf_changed":false,"footnotes":""},"class_list":["post-101","page","type-page","status-publish","has-post-thumbnail","hentry"],"acf":[],"_links":{"self":[{"href":"https:\/\/demo25.mauweb68.com\/index.php?rest_route=\/wp\/v2\/pages\/101","targetHints":{"allow":["GET"]}}],"collection":[{"href":"https:\/\/demo25.mauweb68.com\/index.php?rest_route=\/wp\/v2\/pages"}],"about":[{"href":"https:\/\/demo25.mauweb68.com\/index.php?rest_route=\/wp\/v2\/types\/page"}],"author":[{"embeddable":true,"href":"https:\/\/demo25.mauweb68.com\/index.php?rest_route=\/wp\/v2\/users\/1"}],"replies":[{"embeddable":true,"href":"https:\/\/demo25.mauweb68.com\/index.php?rest_route=%2Fwp%2Fv2%2Fcomments&post=101"}],"version-history":[{"count":64,"href":"https:\/\/demo25.mauweb68.com\/index.php?rest_route=\/wp\/v2\/pages\/101\/revisions"}],"predecessor-version":[{"id":654,"href":"https:\/\/demo25.mauweb68.com\/index.php?rest_route=\/wp\/v2\/pages\/101\/revisions\/654"}],"wp:featuredmedia":[{"embeddable":true,"href":"https:\/\/demo25.mauweb68.com\/index.php?rest_route=\/wp\/v2\/media\/151"}],"wp:attachment":[{"href":"https:\/\/demo25.mauweb68.com\/index.php?rest_route=%2Fwp%2Fv2%2Fmedia&parent=101"}],"curies":[{"name":"wp","href":"https:\/\/api.w.org\/{rel}","templated":true}]}}