{"id":9,"date":"2026-04-09T08:35:48","date_gmt":"2026-04-09T08:35:48","guid":{"rendered":"https:\/\/demo25.mauweb68.com\/?page_id=9"},"modified":"2026-04-09T08:35:48","modified_gmt":"2026-04-09T08:35:48","slug":"gioi-thieu","status":"publish","type":"page","link":"https:\/\/demo25.mauweb68.com\/?page_id=9","title":{"rendered":"Gi\u1edbi thi\u1ec7u"},"content":{"rendered":"<p><strong>Bcons.vn<\/strong> l\u00e0 ph\u00f2ng kinh doanh d\u1ef1 \u00e1n Bcons Homes, chuy\u00ean t\u01b0 v\u1ea5n v\u00e0 c\u1eadp nh\u1eadt th\u00f4ng tin c\u00e1c d\u1ef1 \u00e1n nh\u00e0 \u1edf do T\u1eadp \u0111o\u00e0n Bcons ph\u00e1t tri\u1ec3n.<\/p>\n<p>Trang n\u00e0y gi\u1edbi thi\u1ec7u t\u1ed5ng quan v\u1ec1 Bcons Group, l\u0129nh v\u1ef1c ho\u1ea1t \u0111\u1ed9ng, ban l\u00e3nh \u0111\u1ea1o v\u00e0 danh m\u1ee5c d\u1ef1 \u00e1n Bcons \u0111ang tri\u1ec3n khai.<\/p>\n<p>H\u00e3y c\u00f9ng t\u00ecm hi\u1ec3u v\u1ec1 T\u1eadp \u0111o\u00e0n Bcons.<\/p>\n","protected":false},"excerpt":{"rendered":"<p>Bcons.vn l\u00e0 ph\u00f2ng kinh doanh d\u1ef1 \u00e1n Bcons Homes, chuy\u00ean t\u01b0 v\u1ea5n v\u00e0 c\u1eadp nh\u1eadt th\u00f4ng tin c\u00e1c d\u1ef1 \u00e1n nh\u00e0 \u1edf do T\u1eadp \u0111o\u00e0n Bcons ph\u00e1t tri\u1ec3n. Trang n\u00e0y gi\u1edbi thi\u1ec7u t\u1ed5ng quan v\u1ec1 Bcons Group, l\u0129nh v\u1ef1c ho\u1ea1t \u0111\u1ed9ng, ban l\u00e3nh \u0111\u1ea1o v\u00e0 danh m\u1ee5c d\u1ef1 \u00e1n Bcons \u0111ang tri\u1ec3n khai. H\u00e3y c\u00f9ng [&hellip;]<\/p>\n","protected":false},"author":1,"featured_media":0,"parent":0,"menu_order":0,"comment_status":"closed","ping_status":"closed","template":"","meta":{"_acf_changed":false,"footnotes":""},"class_list":["post-9","page","type-page","status-publish","hentry"],"acf":[],"_links":{"self":[{"href":"https:\/\/demo25.mauweb68.com\/index.php?rest_route=\/wp\/v2\/pages\/9","targetHints":{"allow":["GET"]}}],"collection":[{"href":"https:\/\/demo25.mauweb68.com\/index.php?rest_route=\/wp\/v2\/pages"}],"about":[{"href":"https:\/\/demo25.mauweb68.com\/index.php?rest_route=\/wp\/v2\/types\/page"}],"author":[{"embeddable":true,"href":"https:\/\/demo25.mauweb68.com\/index.php?rest_route=\/wp\/v2\/users\/1"}],"replies":[{"embeddable":true,"href":"https:\/\/demo25.mauweb68.com\/index.php?rest_route=%2Fwp%2Fv2%2Fcomments&post=9"}],"version-history":[{"count":69,"href":"https:\/\/demo25.mauweb68.com\/index.php?rest_route=\/wp\/v2\/pages\/9\/revisions"}],"predecessor-version":[{"id":653,"href":"https:\/\/demo25.mauweb68.com\/index.php?rest_route=\/wp\/v2\/pages\/9\/revisions\/653"}],"wp:attachment":[{"href":"https:\/\/demo25.mauweb68.com\/index.php?rest_route=%2Fwp%2Fv2%2Fmedia&parent=9"}],"curies":[{"name":"wp","href":"https:\/\/api.w.org\/{rel}","templated":true}]}}