{"id":99,"date":"2026-04-09T08:35:48","date_gmt":"2026-04-09T08:35:48","guid":{"rendered":""},"modified":"2026-04-09T08:35:48","modified_gmt":"2026-04-09T08:35:48","slug":"lien-he","status":"publish","type":"page","link":"https:\/\/demo25.mauweb68.com\/?page_id=99","title":{"rendered":"Li\u00ean h\u1ec7"},"content":{"rendered":"<p>Qu\u00fd kh\u00e1ch h\u00e0ng c\u1ea7n h\u1ed7 tr\u1ee3, t\u01b0 v\u1ea5n, c\u00e1c th\u1ee7 t\u1ee5c li\u00ean quan \u0111\u1ebfn t\u1ea5t c\u1ea3 d\u1ef1 \u00e1n Bcons vui l\u00f2ng li\u00ean h\u1ec7 tr\u1ef1c ti\u1ebfp Bcons Home qua th\u00f4ng tin b\u00ean d\u01b0\u1edbi \u0111\u1ec3 \u0111\u01b0\u1ee3c h\u1ed7 tr\u1ee3 nhanh nh\u1ea5t.<\/p>\n","protected":false},"excerpt":{"rendered":"<p>Qu\u00fd kh\u00e1ch h\u00e0ng c\u1ea7n h\u1ed7 tr\u1ee3, t\u01b0 v\u1ea5n, c\u00e1c th\u1ee7 t\u1ee5c li\u00ean quan \u0111\u1ebfn t\u1ea5t c\u1ea3 d\u1ef1 \u00e1n Bcons vui l\u00f2ng li\u00ean h\u1ec7 tr\u1ef1c ti\u1ebfp Bcons Home qua th\u00f4ng tin b\u00ean d\u01b0\u1edbi \u0111\u1ec3 \u0111\u01b0\u1ee3c h\u1ed7 tr\u1ee3 nhanh nh\u1ea5t.<\/p>\n","protected":false},"author":1,"featured_media":0,"parent":0,"menu_order":0,"comment_status":"closed","ping_status":"closed","template":"","meta":{"_acf_changed":false,"footnotes":""},"class_list":["post-99","page","type-page","status-publish","hentry"],"acf":[],"_links":{"self":[{"href":"https:\/\/demo25.mauweb68.com\/index.php?rest_route=\/wp\/v2\/pages\/99","targetHints":{"allow":["GET"]}}],"collection":[{"href":"https:\/\/demo25.mauweb68.com\/index.php?rest_route=\/wp\/v2\/pages"}],"about":[{"href":"https:\/\/demo25.mauweb68.com\/index.php?rest_route=\/wp\/v2\/types\/page"}],"author":[{"embeddable":true,"href":"https:\/\/demo25.mauweb68.com\/index.php?rest_route=\/wp\/v2\/users\/1"}],"replies":[{"embeddable":true,"href":"https:\/\/demo25.mauweb68.com\/index.php?rest_route=%2Fwp%2Fv2%2Fcomments&post=99"}],"version-history":[{"count":61,"href":"https:\/\/demo25.mauweb68.com\/index.php?rest_route=\/wp\/v2\/pages\/99\/revisions"}],"predecessor-version":[{"id":655,"href":"https:\/\/demo25.mauweb68.com\/index.php?rest_route=\/wp\/v2\/pages\/99\/revisions\/655"}],"wp:attachment":[{"href":"https:\/\/demo25.mauweb68.com\/index.php?rest_route=%2Fwp%2Fv2%2Fmedia&parent=99"}],"curies":[{"name":"wp","href":"https:\/\/api.w.org\/{rel}","templated":true}]}}